{"id":2,"date":"2020-03-29T16:40:20","date_gmt":"2020-03-29T14:40:20","guid":{"rendered":"http:\/\/scriptbuilder.fr\/?page_id=2"},"modified":"2020-07-02T12:54:34","modified_gmt":"2020-07-02T10:54:34","slug":"interface-facile-et-intuitive","status":"publish","type":"page","link":"https:\/\/scriptbuilder.fr\/","title":{"rendered":"ScriptBuilder automate de cr\u00e9ation de scripts sans d\u00e9veloppement"},"content":{"rendered":"\n<blockquote class=\"wp-block-quote\"><p>R\u00e9duire les co\u00fbts de l&rsquo;automatisation jusqu&rsquo;\u00e0 90%  <\/p><\/blockquote>\n\n\n\n<figure class=\"wp-block-image size-large\"><img loading=\"lazy\" decoding=\"async\" width=\"1024\" height=\"511\" src=\"http:\/\/scriptbuilder.fr\/wp-content\/uploads\/2020\/05\/PageDeConstruction-1-3-1024x511.png\" alt=\"\" class=\"wp-image-1098\" srcset=\"https:\/\/scriptbuilder.fr\/wp-content\/uploads\/2020\/05\/PageDeConstruction-1-3-1024x511.png 1024w, https:\/\/scriptbuilder.fr\/wp-content\/uploads\/2020\/05\/PageDeConstruction-1-3-300x150.png 300w, https:\/\/scriptbuilder.fr\/wp-content\/uploads\/2020\/05\/PageDeConstruction-1-3-768x384.png 768w, https:\/\/scriptbuilder.fr\/wp-content\/uploads\/2020\/05\/PageDeConstruction-1-3-1536x767.png 1536w, https:\/\/scriptbuilder.fr\/wp-content\/uploads\/2020\/05\/PageDeConstruction-1-3-769x384.png 769w, https:\/\/scriptbuilder.fr\/wp-content\/uploads\/2020\/05\/PageDeConstruction-1-3.png 1840w\" sizes=\"(max-width: 1024px) 100vw, 1024px\" \/><\/figure>\n\n\n\n<blockquote class=\"wp-block-quote\"><p>R\u00e9inventer la cr\u00e9ation et l&rsquo;ex\u00e9cution de vos scripts <\/p><\/blockquote>\n\n\n\n<figure class=\"wp-block-image size-large\"><img loading=\"lazy\" decoding=\"async\" width=\"1024\" height=\"519\" src=\"http:\/\/scriptbuilder.fr\/wp-content\/uploads\/2020\/06\/ListeParam-1-1024x519.png\" alt=\"\" class=\"wp-image-1279\" srcset=\"https:\/\/scriptbuilder.fr\/wp-content\/uploads\/2020\/06\/ListeParam-1-1024x519.png 1024w, https:\/\/scriptbuilder.fr\/wp-content\/uploads\/2020\/06\/ListeParam-1-300x152.png 300w, https:\/\/scriptbuilder.fr\/wp-content\/uploads\/2020\/06\/ListeParam-1-768x390.png 768w, https:\/\/scriptbuilder.fr\/wp-content\/uploads\/2020\/06\/ListeParam-1-1536x779.png 1536w, https:\/\/scriptbuilder.fr\/wp-content\/uploads\/2020\/06\/ListeParam-1-769x390.png 769w, https:\/\/scriptbuilder.fr\/wp-content\/uploads\/2020\/06\/ListeParam-1.png 1859w\" sizes=\"(max-width: 1024px) 100vw, 1024px\" \/><\/figure>\n\n\n\n<div class=\"wp-block-group\"><div class=\"wp-block-group__inner-container is-layout-flow wp-block-group-is-layout-flow\">\n<blockquote class=\"wp-block-quote\"><p>Imaginez ce que vous voulez faire et mettez le en place sans d\u00e9veloppement<\/p><\/blockquote>\n\n\n\n<figure class=\"wp-block-image size-large\"><img loading=\"lazy\" decoding=\"async\" width=\"1022\" height=\"498\" src=\"http:\/\/scriptbuilder.fr\/wp-content\/uploads\/2020\/03\/CreateAndModifyScript-1.png\" alt=\"\" class=\"wp-image-135\" srcset=\"https:\/\/scriptbuilder.fr\/wp-content\/uploads\/2020\/03\/CreateAndModifyScript-1.png 1022w, https:\/\/scriptbuilder.fr\/wp-content\/uploads\/2020\/03\/CreateAndModifyScript-1-600x292.png 600w, https:\/\/scriptbuilder.fr\/wp-content\/uploads\/2020\/03\/CreateAndModifyScript-1-300x146.png 300w, https:\/\/scriptbuilder.fr\/wp-content\/uploads\/2020\/03\/CreateAndModifyScript-1-768x374.png 768w, https:\/\/scriptbuilder.fr\/wp-content\/uploads\/2020\/03\/CreateAndModifyScript-1-769x375.png 769w\" sizes=\"(max-width: 1022px) 100vw, 1022px\" \/><figcaption><em><strong> \u00c9volution rapide, facile et sans modification du code<br> Autonomie des op\u00e9rateurs <\/strong><\/em><\/figcaption><\/figure>\n\n\n\n<p><a href=\"http:\/\/scriptbuilder.fr\/index.php\/2020\/04\/03\/a-qui-sadresse-scriptbuilder\/\">A qui s&rsquo;adresse ScriptBuilder ?<\/a><\/p>\n\n\n\n<blockquote class=\"wp-block-quote\"><p>Cr\u00e9er un script<\/p><\/blockquote>\n<\/div><\/div>\n\n\n\n<figure class=\"wp-block-image size-large\"><img loading=\"lazy\" decoding=\"async\" width=\"909\" height=\"264\" src=\"http:\/\/scriptbuilder.fr\/wp-content\/uploads\/2020\/04\/CreerUnScript-1-1.png\" alt=\"\" class=\"wp-image-300\" srcset=\"https:\/\/scriptbuilder.fr\/wp-content\/uploads\/2020\/04\/CreerUnScript-1-1.png 909w, https:\/\/scriptbuilder.fr\/wp-content\/uploads\/2020\/04\/CreerUnScript-1-1-600x174.png 600w, https:\/\/scriptbuilder.fr\/wp-content\/uploads\/2020\/04\/CreerUnScript-1-1-300x87.png 300w, https:\/\/scriptbuilder.fr\/wp-content\/uploads\/2020\/04\/CreerUnScript-1-1-768x223.png 768w, https:\/\/scriptbuilder.fr\/wp-content\/uploads\/2020\/04\/CreerUnScript-1-1-769x223.png 769w\" sizes=\"(max-width: 909px) 100vw, 909px\" \/><figcaption><em><strong>Interface graphique simple et intuitive<br>Appliquez intuitivement la logique de conception<\/strong><\/em><\/figcaption><\/figure>\n\n\n\n<blockquote class=\"wp-block-quote\"><p>Impl\u00e9menter la logique sans d\u00e9veloppement<\/p><\/blockquote>\n\n\n\n<figure class=\"wp-block-image size-large\"><img loading=\"lazy\" decoding=\"async\" width=\"606\" height=\"117\" src=\"http:\/\/scriptbuilder.fr\/wp-content\/uploads\/2020\/03\/Dependance-Oui-Non-1.png\" alt=\"\" class=\"wp-image-171\" srcset=\"https:\/\/scriptbuilder.fr\/wp-content\/uploads\/2020\/03\/Dependance-Oui-Non-1.png 606w, https:\/\/scriptbuilder.fr\/wp-content\/uploads\/2020\/03\/Dependance-Oui-Non-1-600x116.png 600w, https:\/\/scriptbuilder.fr\/wp-content\/uploads\/2020\/03\/Dependance-Oui-Non-1-300x58.png 300w\" sizes=\"(max-width: 606px) 100vw, 606px\" \/><\/figure>\n\n\n\n<blockquote class=\"wp-block-quote\"><p>S\u00e9quencer les sections selon le r\u00e9sultat des ex\u00e9cutions<\/p><\/blockquote>\n\n\n\n<figure class=\"wp-block-image size-large\"><img loading=\"lazy\" decoding=\"async\" width=\"707\" height=\"34\" src=\"http:\/\/scriptbuilder.fr\/wp-content\/uploads\/2020\/04\/ActionErrorYes-1-1.png\" alt=\"\" class=\"wp-image-230\" srcset=\"https:\/\/scriptbuilder.fr\/wp-content\/uploads\/2020\/04\/ActionErrorYes-1-1.png 707w, https:\/\/scriptbuilder.fr\/wp-content\/uploads\/2020\/04\/ActionErrorYes-1-1-600x29.png 600w, https:\/\/scriptbuilder.fr\/wp-content\/uploads\/2020\/04\/ActionErrorYes-1-1-300x14.png 300w, https:\/\/scriptbuilder.fr\/wp-content\/uploads\/2020\/04\/ActionErrorYes-1-1-700x34.png 700w\" sizes=\"(max-width: 707px) 100vw, 707px\" \/><\/figure>\n\n\n\n<figure class=\"wp-block-image size-large\"><img loading=\"lazy\" decoding=\"async\" width=\"701\" height=\"35\" src=\"http:\/\/scriptbuilder.fr\/wp-content\/uploads\/2020\/04\/ActionErrorNo-1.png\" alt=\"\" class=\"wp-image-228\" srcset=\"https:\/\/scriptbuilder.fr\/wp-content\/uploads\/2020\/04\/ActionErrorNo-1.png 701w, https:\/\/scriptbuilder.fr\/wp-content\/uploads\/2020\/04\/ActionErrorNo-1-600x30.png 600w, https:\/\/scriptbuilder.fr\/wp-content\/uploads\/2020\/04\/ActionErrorNo-1-300x15.png 300w\" sizes=\"(max-width: 701px) 100vw, 701px\" \/><\/figure>\n\n\n\n<blockquote class=\"wp-block-quote\"><p>Les scripts longs et compliqu\u00e9s sont vu comme une suite d\u2019actions logiques ind\u00e9pendantes et compl\u00e9mentaires  <\/p><\/blockquote>\n\n\n\n<figure class=\"wp-block-image size-large\"><img loading=\"lazy\" decoding=\"async\" width=\"1024\" height=\"490\" src=\"http:\/\/scriptbuilder.fr\/wp-content\/uploads\/2020\/03\/AjouerDesSection-1-1024x490.png\" alt=\"\" class=\"wp-image-106\" srcset=\"https:\/\/scriptbuilder.fr\/wp-content\/uploads\/2020\/03\/AjouerDesSection-1-1024x490.png 1024w, https:\/\/scriptbuilder.fr\/wp-content\/uploads\/2020\/03\/AjouerDesSection-1-600x287.png 600w, https:\/\/scriptbuilder.fr\/wp-content\/uploads\/2020\/03\/AjouerDesSection-1-300x143.png 300w, https:\/\/scriptbuilder.fr\/wp-content\/uploads\/2020\/03\/AjouerDesSection-1-768x367.png 768w, https:\/\/scriptbuilder.fr\/wp-content\/uploads\/2020\/03\/AjouerDesSection-1-769x368.png 769w, https:\/\/scriptbuilder.fr\/wp-content\/uploads\/2020\/03\/AjouerDesSection-1.png 1230w\" sizes=\"(max-width: 1024px) 100vw, 1024px\" \/><figcaption><a href=\"http:\/\/scriptbuilder.fr\/index.php\/commande\/telecharger-des-sections\/\"><em>Liste des sections disponibles&#8230; <\/em><\/a><\/figcaption><\/figure>\n\n\n\n<blockquote class=\"wp-block-quote\"><p>Capitalisation, \u00e9volution des possibilit\u00e9s<\/p><p>D\u00e9veloppement structur\u00e9, chaque entit\u00e9 logique est d\u00e9velopp\u00e9e s\u00e9par\u00e9ment  <\/p><p>Code simple, structur\u00e9 et facilement maintenable<\/p><\/blockquote>\n\n\n\n<figure class=\"wp-block-image size-large\"><img loading=\"lazy\" decoding=\"async\" width=\"1024\" height=\"317\" src=\"http:\/\/scriptbuilder.fr\/wp-content\/uploads\/2020\/03\/SaisieParametresDetail-1-1024x317.png\" alt=\"\" class=\"wp-image-108\" srcset=\"https:\/\/scriptbuilder.fr\/wp-content\/uploads\/2020\/03\/SaisieParametresDetail-1-1024x317.png 1024w, https:\/\/scriptbuilder.fr\/wp-content\/uploads\/2020\/03\/SaisieParametresDetail-1-600x186.png 600w, https:\/\/scriptbuilder.fr\/wp-content\/uploads\/2020\/03\/SaisieParametresDetail-1-300x93.png 300w, https:\/\/scriptbuilder.fr\/wp-content\/uploads\/2020\/03\/SaisieParametresDetail-1-768x238.png 768w, https:\/\/scriptbuilder.fr\/wp-content\/uploads\/2020\/03\/SaisieParametresDetail-1-769x238.png 769w, https:\/\/scriptbuilder.fr\/wp-content\/uploads\/2020\/03\/SaisieParametresDetail-1.png 1393w\" sizes=\"(max-width: 1024px) 100vw, 1024px\" \/><figcaption> <br><em><strong> <\/strong><\/em><\/figcaption><\/figure>\n\n\n\n<blockquote class=\"wp-block-quote\"><p>Standardisation des saisies, s\u00e9paration compl\u00e8te des d\u00e9veloppements des param\u00e8tres<\/p><p>La nomenclature et la d\u00e9finition des param\u00e8tres normalis\u00e9es : mettre fin \u00e0 toto1, var2\u2026 <\/p><\/blockquote>\n\n\n\n<figure class=\"wp-block-image size-large\"><img loading=\"lazy\" decoding=\"async\" width=\"1024\" height=\"411\" src=\"http:\/\/scriptbuilder.fr\/wp-content\/uploads\/2020\/03\/ControlesDesParametres-1-1024x411.png\" alt=\"\" class=\"wp-image-110\" srcset=\"https:\/\/scriptbuilder.fr\/wp-content\/uploads\/2020\/03\/ControlesDesParametres-1-1024x411.png 1024w, https:\/\/scriptbuilder.fr\/wp-content\/uploads\/2020\/03\/ControlesDesParametres-1-600x241.png 600w, https:\/\/scriptbuilder.fr\/wp-content\/uploads\/2020\/03\/ControlesDesParametres-1-300x120.png 300w, https:\/\/scriptbuilder.fr\/wp-content\/uploads\/2020\/03\/ControlesDesParametres-1-768x308.png 768w, https:\/\/scriptbuilder.fr\/wp-content\/uploads\/2020\/03\/ControlesDesParametres-1-769x308.png 769w, https:\/\/scriptbuilder.fr\/wp-content\/uploads\/2020\/03\/ControlesDesParametres-1.png 1042w\" sizes=\"(max-width: 1024px) 100vw, 1024px\" \/><\/figure>\n\n\n\n<blockquote class=\"wp-block-quote\"><p>Ex\u00e9cuter un script et contr\u00f4ler le r\u00e9sultat<\/p><\/blockquote>\n\n\n\n<figure class=\"wp-block-image size-large\"><img loading=\"lazy\" decoding=\"async\" width=\"1024\" height=\"53\" src=\"http:\/\/scriptbuilder.fr\/wp-content\/uploads\/2020\/06\/ExecutionResultat-1-1024x53.png\" alt=\"\" class=\"wp-image-1281\" srcset=\"https:\/\/scriptbuilder.fr\/wp-content\/uploads\/2020\/06\/ExecutionResultat-1-1024x53.png 1024w, https:\/\/scriptbuilder.fr\/wp-content\/uploads\/2020\/06\/ExecutionResultat-1-300x16.png 300w, https:\/\/scriptbuilder.fr\/wp-content\/uploads\/2020\/06\/ExecutionResultat-1-768x40.png 768w, https:\/\/scriptbuilder.fr\/wp-content\/uploads\/2020\/06\/ExecutionResultat-1-769x40.png 769w, https:\/\/scriptbuilder.fr\/wp-content\/uploads\/2020\/06\/ExecutionResultat-1.png 1348w\" sizes=\"(max-width: 1024px) 100vw, 1024px\" \/><\/figure>\n\n\n\n<figure class=\"wp-block-image size-large\"><img loading=\"lazy\" decoding=\"async\" width=\"742\" height=\"185\" src=\"http:\/\/scriptbuilder.fr\/wp-content\/uploads\/2020\/03\/ExecutioEtResultat-1.png\" alt=\"\" class=\"wp-image-118\" srcset=\"https:\/\/scriptbuilder.fr\/wp-content\/uploads\/2020\/03\/ExecutioEtResultat-1.png 742w, https:\/\/scriptbuilder.fr\/wp-content\/uploads\/2020\/03\/ExecutioEtResultat-1-600x150.png 600w, https:\/\/scriptbuilder.fr\/wp-content\/uploads\/2020\/03\/ExecutioEtResultat-1-300x75.png 300w\" sizes=\"(max-width: 742px) 100vw, 742px\" \/><\/figure>\n\n\n\n<figure class=\"wp-block-image size-large\"><img loading=\"lazy\" decoding=\"async\" width=\"723\" height=\"298\" src=\"http:\/\/scriptbuilder.fr\/wp-content\/uploads\/2020\/06\/OpenLogFile-1-1.png\" alt=\"\" class=\"wp-image-1283\" srcset=\"https:\/\/scriptbuilder.fr\/wp-content\/uploads\/2020\/06\/OpenLogFile-1-1.png 723w, https:\/\/scriptbuilder.fr\/wp-content\/uploads\/2020\/06\/OpenLogFile-1-1-300x124.png 300w\" sizes=\"(max-width: 723px) 100vw, 723px\" \/><\/figure>\n\n\n\n<blockquote class=\"wp-block-quote\"><p><em>ScriptBuilder<\/em> en centre de logiciel et centre d&rsquo;action<\/p><\/blockquote>\n\n\n\n<figure class=\"wp-block-image size-large\"><img loading=\"lazy\" decoding=\"async\" width=\"332\" height=\"732\" src=\"http:\/\/scriptbuilder.fr\/wp-content\/uploads\/2020\/07\/CentreLogiciel-1.png\" alt=\"\" class=\"wp-image-1291\" srcset=\"https:\/\/scriptbuilder.fr\/wp-content\/uploads\/2020\/07\/CentreLogiciel-1.png 332w, https:\/\/scriptbuilder.fr\/wp-content\/uploads\/2020\/07\/CentreLogiciel-1-136x300.png 136w\" sizes=\"(max-width: 332px) 100vw, 332px\" \/><figcaption><em><a href=\"http:\/\/scriptbuilder.fr\/index.php\/2020\/04\/03\/scriptbuilder-au-coeur-de-mon-systeme\/\">ScriptBuilder au c\u0153ur de votre syst\u00e8me<\/a><\/em><\/figcaption><\/figure>\n\n\n\n<blockquote class=\"wp-block-quote\"><p>Int\u00e9gration facile aux outils de distributions : SCCM, TrueSight&#8230; <\/p><p> R\u00e9aliser des action sur toute l&rsquo;infrastructure avec un script test\u00e9 et valid\u00e9 en central <\/p><\/blockquote>\n\n\n\n<figure class=\"wp-block-image size-large\"><img loading=\"lazy\" decoding=\"async\" width=\"1006\" height=\"584\" src=\"http:\/\/scriptbuilder.fr\/wp-content\/uploads\/2020\/03\/IntegrationSCCM-1.png\" alt=\"\" class=\"wp-image-121\" srcset=\"https:\/\/scriptbuilder.fr\/wp-content\/uploads\/2020\/03\/IntegrationSCCM-1.png 1006w, https:\/\/scriptbuilder.fr\/wp-content\/uploads\/2020\/03\/IntegrationSCCM-1-600x348.png 600w, https:\/\/scriptbuilder.fr\/wp-content\/uploads\/2020\/03\/IntegrationSCCM-1-300x174.png 300w, https:\/\/scriptbuilder.fr\/wp-content\/uploads\/2020\/03\/IntegrationSCCM-1-768x446.png 768w, https:\/\/scriptbuilder.fr\/wp-content\/uploads\/2020\/03\/IntegrationSCCM-1-769x446.png 769w\" sizes=\"(max-width: 1006px) 100vw, 1006px\" \/><\/figure>\n\n\n\n<blockquote class=\"wp-block-quote\"><p>Plusieurs langues disponibles<\/p><\/blockquote>\n\n\n\n<div class=\"wp-block-image\"><figure class=\"aligncenter size-large\"><img loading=\"lazy\" decoding=\"async\" width=\"137\" height=\"116\" src=\"http:\/\/scriptbuilder.fr\/wp-content\/uploads\/2020\/03\/ListeDesLangues-1-1.png\" alt=\"\" class=\"wp-image-124\"\/><\/figure><\/div>\n\n\n\n<blockquote class=\"wp-block-quote\"><p>Un th\u00e8me sombre et un th\u00e8me clair<\/p><\/blockquote>\n\n\n\n<div class=\"wp-block-image\"><figure class=\"aligncenter size-large\"><img loading=\"lazy\" decoding=\"async\" width=\"88\" height=\"68\" src=\"http:\/\/scriptbuilder.fr\/wp-content\/uploads\/2020\/06\/ChooseMode-1.png\" alt=\"\" class=\"wp-image-1286\"\/><\/figure><\/div>\n\n\n\n<figure class=\"wp-block-image size-large\"><img loading=\"lazy\" decoding=\"async\" width=\"1024\" height=\"325\" src=\"http:\/\/scriptbuilder.fr\/wp-content\/uploads\/2020\/06\/LightMode-1-1024x325.png\" alt=\"\" class=\"wp-image-1285\" srcset=\"https:\/\/scriptbuilder.fr\/wp-content\/uploads\/2020\/06\/LightMode-1-1024x325.png 1024w, https:\/\/scriptbuilder.fr\/wp-content\/uploads\/2020\/06\/LightMode-1-300x95.png 300w, https:\/\/scriptbuilder.fr\/wp-content\/uploads\/2020\/06\/LightMode-1-768x244.png 768w, https:\/\/scriptbuilder.fr\/wp-content\/uploads\/2020\/06\/LightMode-1-769x244.png 769w, https:\/\/scriptbuilder.fr\/wp-content\/uploads\/2020\/06\/LightMode-1.png 1383w\" sizes=\"(max-width: 1024px) 100vw, 1024px\" \/><\/figure>\n\n\n\n<blockquote class=\"wp-block-quote\"><p> <strong>Tracer<\/strong> toutes les actions dans un log <strong>intuitif<\/strong> et <strong>parlant<\/strong> <\/p><\/blockquote>\n\n\n\n<figure class=\"wp-block-image size-large\"><img loading=\"lazy\" decoding=\"async\" width=\"1024\" height=\"299\" src=\"http:\/\/scriptbuilder.fr\/wp-content\/uploads\/2020\/05\/Trace-1-1-1024x299.png\" alt=\"\" class=\"wp-image-1221\" srcset=\"https:\/\/scriptbuilder.fr\/wp-content\/uploads\/2020\/05\/Trace-1-1-1024x299.png 1024w, https:\/\/scriptbuilder.fr\/wp-content\/uploads\/2020\/05\/Trace-1-1-300x88.png 300w, https:\/\/scriptbuilder.fr\/wp-content\/uploads\/2020\/05\/Trace-1-1-768x224.png 768w, https:\/\/scriptbuilder.fr\/wp-content\/uploads\/2020\/05\/Trace-1-1-769x224.png 769w, https:\/\/scriptbuilder.fr\/wp-content\/uploads\/2020\/05\/Trace-1-1.png 1138w\" sizes=\"(max-width: 1024px) 100vw, 1024px\" \/><\/figure>\n\n\n\n<blockquote class=\"wp-block-quote\"><p>Savoir qui a fait quoi<\/p><\/blockquote>\n\n\n\n<figure class=\"wp-block-image size-large\"><img loading=\"lazy\" decoding=\"async\" width=\"840\" height=\"154\" src=\"http:\/\/scriptbuilder.fr\/wp-content\/uploads\/2020\/04\/IdentifierQuiAFaitQuoi-1-2.png\" alt=\"\" class=\"wp-image-1050\" srcset=\"https:\/\/scriptbuilder.fr\/wp-content\/uploads\/2020\/04\/IdentifierQuiAFaitQuoi-1-2.png 840w, https:\/\/scriptbuilder.fr\/wp-content\/uploads\/2020\/04\/IdentifierQuiAFaitQuoi-1-2-300x55.png 300w, https:\/\/scriptbuilder.fr\/wp-content\/uploads\/2020\/04\/IdentifierQuiAFaitQuoi-1-2-768x141.png 768w, https:\/\/scriptbuilder.fr\/wp-content\/uploads\/2020\/04\/IdentifierQuiAFaitQuoi-1-2-769x141.png 769w\" sizes=\"(max-width: 840px) 100vw, 840px\" \/><\/figure>\n\n\n\n<blockquote class=\"wp-block-quote\"><p><strong>log clair structur\u00e9<\/strong> et facilement <strong>exploitable<\/strong> par les op\u00e9rationnels<\/p><\/blockquote>\n\n\n\n<figure class=\"wp-block-image size-large\"><img loading=\"lazy\" decoding=\"async\" width=\"1024\" height=\"609\" src=\"http:\/\/scriptbuilder.fr\/wp-content\/uploads\/2020\/05\/LogStructureEtCentralide-1-1024x609.png\" alt=\"\" class=\"wp-image-1103\" srcset=\"https:\/\/scriptbuilder.fr\/wp-content\/uploads\/2020\/05\/LogStructureEtCentralide-1-1024x609.png 1024w, https:\/\/scriptbuilder.fr\/wp-content\/uploads\/2020\/05\/LogStructureEtCentralide-1-300x179.png 300w, https:\/\/scriptbuilder.fr\/wp-content\/uploads\/2020\/05\/LogStructureEtCentralide-1-768x457.png 768w, https:\/\/scriptbuilder.fr\/wp-content\/uploads\/2020\/05\/LogStructureEtCentralide-1-769x458.png 769w, https:\/\/scriptbuilder.fr\/wp-content\/uploads\/2020\/05\/LogStructureEtCentralide-1.png 1289w\" sizes=\"(max-width: 1024px) 100vw, 1024px\" \/><\/figure>\n\n\n\n<blockquote class=\"wp-block-quote\"><p>Roulement automatique des logs<\/p><\/blockquote>\n\n\n\n<figure class=\"wp-block-image size-large\"><img loading=\"lazy\" decoding=\"async\" width=\"608\" height=\"148\" src=\"http:\/\/scriptbuilder.fr\/wp-content\/uploads\/2020\/06\/Roulement-Autpmatique-Des-Logs-1-4.png\" alt=\"\" class=\"wp-image-1250\" srcset=\"https:\/\/scriptbuilder.fr\/wp-content\/uploads\/2020\/06\/Roulement-Autpmatique-Des-Logs-1-4.png 608w, https:\/\/scriptbuilder.fr\/wp-content\/uploads\/2020\/06\/Roulement-Autpmatique-Des-Logs-1-4-300x73.png 300w\" sizes=\"(max-width: 608px) 100vw, 608px\" \/><figcaption><a href=\"http:\/\/scriptbuilder.fr\/index.php\/2020\/03\/31\/log-structure-clair-et-parlant\/\">La gestion des logs en d\u00e9tail&#8230;<\/a><\/figcaption><\/figure>\n\n\n\n<blockquote class=\"wp-block-quote\"><p>Version pro<\/p><\/blockquote>\n\n\n\n<figure class=\"wp-block-image size-large\"><img loading=\"lazy\" decoding=\"async\" width=\"1024\" height=\"633\" src=\"http:\/\/scriptbuilder.fr\/wp-content\/uploads\/2020\/06\/Code-Reutilisable-1-3-1024x633.png\" alt=\"\" class=\"wp-image-1277\" srcset=\"https:\/\/scriptbuilder.fr\/wp-content\/uploads\/2020\/06\/Code-Reutilisable-1-3-1024x633.png 1024w, https:\/\/scriptbuilder.fr\/wp-content\/uploads\/2020\/06\/Code-Reutilisable-1-3-300x186.png 300w, https:\/\/scriptbuilder.fr\/wp-content\/uploads\/2020\/06\/Code-Reutilisable-1-3-768x475.png 768w, https:\/\/scriptbuilder.fr\/wp-content\/uploads\/2020\/06\/Code-Reutilisable-1-3-769x475.png 769w, https:\/\/scriptbuilder.fr\/wp-content\/uploads\/2020\/06\/Code-Reutilisable-1-3.png 1069w\" sizes=\"(max-width: 1024px) 100vw, 1024px\" \/><figcaption>R\u00e9duisez le co\u00fbt des d\u00e9veloppements<\/figcaption><\/figure>\n\n\n\n<p>D\u00e9veloppez des sections sp\u00e9cifiques pour vos besoins<\/p>\n\n\n\n<blockquote class=\"wp-block-quote\"><p>Standardisation, automatisation, centralisation et suivi<\/p><\/blockquote>\n\n\n\n<ul><li>Rendre les d\u00e9veloppements <strong>simples<\/strong> <strong>d\u2019utilisation<\/strong> et <strong>structur\u00e9s<\/strong><\/li><li>Produire un code <strong>r\u00e9utilisable<\/strong> <strong>fiable<\/strong> et <strong>Robuste<\/strong>, test\u00e9 dans diff\u00e9rents sc\u00e9narios, <strong>cycle de vie maitris\u00e9<\/strong><\/li><li> <strong>Corriger<\/strong> et <strong>maintenir<\/strong> le code en <strong>central, <\/strong>faites profiter l\u2019ensemble des scripts m\u00eames <strong>existants<\/strong>, <strong>am\u00e9lioration continue<\/strong> <\/li><li>Extension \u00e0 la lumi\u00e8re de <strong>l\u2019exp\u00e9rience<\/strong>, <strong>comptabilisation<\/strong> sur les connaissances<\/li><li><strong>Conformit\u00e9<\/strong>, application des <strong>normes<\/strong> et d\u2019une <strong>nomenclature<\/strong> claire et intuitive<\/li><li>Forcer la <strong>r\u00e9flexion<\/strong> avant le d\u00e9but des d\u00e9veloppements <\/li><li><strong>Efficacit\u00e9<\/strong>, rendre les modifications rapides<\/li><li>Garder un code <strong>simple<\/strong> et <strong>\u00e9volutif<\/strong><\/li><li>D\u00e9velopper un code <strong>s\u00fbr<\/strong> et <strong>organiser<\/strong><\/li><li>G\u00e9n\u00e9rer un <strong>log clair structur\u00e9<\/strong> et facilement <strong>exploitable<\/strong> par les op\u00e9rationnels<\/li><li><strong>Tracer<\/strong> toutes les actions dans un logs <strong>intuitif<\/strong> et <strong>parlant<\/strong><\/li><\/ul>\n\n\n\n<p><\/p>\n","protected":false},"excerpt":{"rendered":"<p>R\u00e9duire les co\u00fbts de l&rsquo;automatisation jusqu&rsquo;\u00e0 90% R\u00e9inventer la cr\u00e9ation et l&rsquo;ex\u00e9cution de vos scripts Imaginez ce que vous voulez faire et mettez le en&hellip;<\/p>\n","protected":false},"author":1,"featured_media":28,"parent":0,"menu_order":0,"comment_status":"closed","ping_status":"closed","template":"","meta":{"_monsterinsights_skip_tracking":false,"_monsterinsights_sitenote_active":false,"_monsterinsights_sitenote_note":"","_monsterinsights_sitenote_category":0,"footnotes":""},"_links":{"self":[{"href":"https:\/\/scriptbuilder.fr\/index.php\/wp-json\/wp\/v2\/pages\/2"}],"collection":[{"href":"https:\/\/scriptbuilder.fr\/index.php\/wp-json\/wp\/v2\/pages"}],"about":[{"href":"https:\/\/scriptbuilder.fr\/index.php\/wp-json\/wp\/v2\/types\/page"}],"author":[{"embeddable":true,"href":"https:\/\/scriptbuilder.fr\/index.php\/wp-json\/wp\/v2\/users\/1"}],"replies":[{"embeddable":true,"href":"https:\/\/scriptbuilder.fr\/index.php\/wp-json\/wp\/v2\/comments?post=2"}],"version-history":[{"count":123,"href":"https:\/\/scriptbuilder.fr\/index.php\/wp-json\/wp\/v2\/pages\/2\/revisions"}],"predecessor-version":[{"id":1295,"href":"https:\/\/scriptbuilder.fr\/index.php\/wp-json\/wp\/v2\/pages\/2\/revisions\/1295"}],"wp:featuredmedia":[{"embeddable":true,"href":"https:\/\/scriptbuilder.fr\/index.php\/wp-json\/wp\/v2\/media\/28"}],"wp:attachment":[{"href":"https:\/\/scriptbuilder.fr\/index.php\/wp-json\/wp\/v2\/media?parent=2"}],"curies":[{"name":"wp","href":"https:\/\/api.w.org\/{rel}","templated":true}]}}