{"id":234,"date":"2020-04-01T17:38:40","date_gmt":"2020-04-01T15:38:40","guid":{"rendered":"http:\/\/scriptbuilder.fr\/index.php\/commande\/echec-de-la-transaction\/"},"modified":"2020-04-02T12:30:30","modified_gmt":"2020-04-02T10:30:30","slug":"echec-de-la-transaction","status":"publish","type":"page","link":"https:\/\/scriptbuilder.fr\/index.php\/commade\/echec-de-la-transaction\/","title":{"rendered":"\u00c9chec de la transaction"},"content":{"rendered":"<p>Votre transaction a \u00e9chou\u00e9, veuillez r\u00e9essayer ou contacter le support technique du site.<\/p>\n","protected":false},"excerpt":{"rendered":"<p>Votre transaction a \u00e9chou\u00e9, veuillez r\u00e9essayer ou contacter le support technique du site.<\/p>\n","protected":false},"author":1,"featured_media":0,"parent":289,"menu_order":0,"comment_status":"closed","ping_status":"closed","template":"","meta":{"_monsterinsights_skip_tracking":false,"_monsterinsights_sitenote_active":false,"_monsterinsights_sitenote_note":"","_monsterinsights_sitenote_category":0,"footnotes":""},"_links":{"self":[{"href":"https:\/\/scriptbuilder.fr\/index.php\/wp-json\/wp\/v2\/pages\/234"}],"collection":[{"href":"https:\/\/scriptbuilder.fr\/index.php\/wp-json\/wp\/v2\/pages"}],"about":[{"href":"https:\/\/scriptbuilder.fr\/index.php\/wp-json\/wp\/v2\/types\/page"}],"author":[{"embeddable":true,"href":"https:\/\/scriptbuilder.fr\/index.php\/wp-json\/wp\/v2\/users\/1"}],"replies":[{"embeddable":true,"href":"https:\/\/scriptbuilder.fr\/index.php\/wp-json\/wp\/v2\/comments?post=234"}],"version-history":[{"count":1,"href":"https:\/\/scriptbuilder.fr\/index.php\/wp-json\/wp\/v2\/pages\/234\/revisions"}],"predecessor-version":[{"id":292,"href":"https:\/\/scriptbuilder.fr\/index.php\/wp-json\/wp\/v2\/pages\/234\/revisions\/292"}],"up":[{"embeddable":true,"href":"https:\/\/scriptbuilder.fr\/index.php\/wp-json\/wp\/v2\/pages\/289"}],"wp:attachment":[{"href":"https:\/\/scriptbuilder.fr\/index.php\/wp-json\/wp\/v2\/media?parent=234"}],"curies":[{"name":"wp","href":"https:\/\/api.w.org\/{rel}","templated":true}]}}