{"id":587,"date":"2020-04-04T18:51:08","date_gmt":"2020-04-04T16:51:08","guid":{"rendered":"http:\/\/scriptbuilder.fr\/?page_id=587"},"modified":"2020-06-02T21:38:44","modified_gmt":"2020-06-02T19:38:44","slug":"telecharger-des-sections","status":"publish","type":"page","link":"https:\/\/scriptbuilder.fr\/index.php\/commande\/telecharger-des-sections\/","title":{"rendered":"T\u00e9l\u00e9charger des sections"},"content":{"rendered":"\n<blockquote class=\"wp-block-quote\"><p>Types de sections<\/p><\/blockquote>\n\n\n\n<div class=\"wp-block-group\"><div class=\"wp-block-group__inner-container is-layout-flow wp-block-group-is-layout-flow\">\n<ul><li><strong>Section de v\u00e9rification<\/strong> commence par le terme \u00ab\u00a0Check\u00a0\u00bb, retourne Vrai si l&rsquo;\u00e9l\u00e9ment \u00e0 v\u00e9rifier est dans la cible, Faux sinon<\/li><\/ul>\n\n\n\n<ul><li><strong>Section de lancement de commande<\/strong> commence par le terme \u00ab\u00a0cmd\u00a0\u00bb, lance une commande ou un extrait<\/li><\/ul>\n\n\n\n<ul><li><strong>Section<\/strong> d&rsquo;action, lance une action pour atteindre une cible<\/li><\/ul>\n<\/div><\/div>\n\n\n\n<blockquote class=\"wp-block-quote\"><p>T\u00e9l\u00e9charger des sections suppl\u00e9mentaires et augmenter les possibilit\u00e9s<\/p><\/blockquote>\n\n\n\n<ol><li>T\u00e9l\u00e9charger et d\u00e9compresser une section<\/li><li>Copier le fichier \u00ab\u00a0<em>*.spx\u00a0\u00bb <\/em>dans \u00ab\u00a0<em>..\\Orchestrator\\6-ScriptRepository\\<\/em>\u00ab\u00a0<\/li><li>La section est maintenant disponible pour des scripts plus riches<\/li><\/ol>\n\n\n\n<blockquote class=\"wp-block-quote\"><p>Listes des sections disponibles<\/p><\/blockquote>\n\n\n\nAucun T\u00e9l\u00e9chargements trouv\u00e9\n\n\n\n<h2 class=\"wp-block-heading\"><strong><em>Les sections incluses dans la derni\u00e8re version<\/em><\/strong><\/h2>\n\n\n\n<blockquote class=\"wp-block-quote\"><p>Le syst\u00e8me de fichiers<\/p><\/blockquote>\n\n\n\n<ol><li>AddLineToFile<\/li><li>AddPermissionOnFile<\/li><li>AddPermissionOnFolder<\/li><li>CheckDiskFreeSpace<\/li><li>CheckFileOrFolderExists<\/li><li>CheckLineInFile<\/li><li>cmdExtractFilesAndFolders<\/li><li>cmdMergeFiles<\/li><li>CopyAndRenameFileOrFolder<\/li><li>CreateFolder<\/li><li>MoveAndRenameFileOrFolder<\/li><li>RemoveFileOrFolder<\/li><li>RemovePermissionOnFile<\/li><li>RemovePermissionOnFolder<\/li><li>ReplaceOrRemoveLineInFile<\/li><li>ReplaceStringInFile<\/li><\/ol>\n\n\n\n<blockquote class=\"wp-block-quote\"><p>La base de registre<\/p><\/blockquote>\n\n\n\n<ol><li>CheckRegistryValue<\/li><li>cmdExtractRegKey<\/li><li>RemoveRegistryKey<\/li><li>RemoveRegistryValue<\/li><li>SetRegkey<\/li><li>SetRegPath<\/li><\/ol>\n\n\n\n<blockquote class=\"wp-block-quote\"><p>Les certificats<\/p><\/blockquote>\n\n\n\n<ol><li>CheckCertificatExists<\/li><li>InstallCertificat<\/li><\/ol>\n\n\n\n<blockquote class=\"wp-block-quote\"><p>Les fonctionnalit\u00e9s<\/p><\/blockquote>\n\n\n\n<ol><li>CheckWindowsFeatureEnabled<\/li><li>cmdExtractWindowsFeatureEnabled<\/li><li>InstallWindowsFearture<\/li><li>UninstallWindowsFearture<\/li><\/ol>\n\n\n\n<blockquote class=\"wp-block-quote\"><p>Les services<\/p><\/blockquote>\n\n\n\n<ol><li>CheckServiceExists<\/li><li>RemoveService<\/li><li>SetServiceStartMode<\/li><li>StartService<\/li><li>StopService<\/li><\/ol>\n\n\n\n<blockquote class=\"wp-block-quote\"><p>Les processus<\/p><\/blockquote>\n\n\n\n<ol><li>CheckProcessExists<\/li><li>StartProcess<\/li><li>StopProcess<\/li><\/ol>\n\n\n\n<blockquote class=\"wp-block-quote\"><p>L&rsquo;ordinateur<\/p><\/blockquote>\n\n\n\n<ol><li>cmdRenameComputer<\/li><li>cmdRepareComputerSecureChannel<\/li><li>JoinDomain<\/li><li>UnJoinDomain<\/li><\/ol>\n\n\n\n<blockquote class=\"wp-block-quote\"><p>La protection du syst\u00e8me<\/p><\/blockquote>\n\n\n\n<ol><li>cmdDisableComputerRestore<\/li><li>cmdEnableComputerRestore<\/li><li>CreateRestorePoint<\/li><li>RemoveRestorePoint<\/li><\/ol>\n\n\n\n<blockquote class=\"wp-block-quote\"><p>Les t\u00e2ches planifi\u00e9es<\/p><\/blockquote>\n\n\n\n<ol><li>cmdExtractScheduledTask<\/li><li>DisableScheduledTask<\/li><li>EnableScheduledTask<\/li><li>RemoveScheduledTask<\/li><li>StartScheduledTask<\/li><li>StopScheduledTask<\/li><\/ol>\n\n\n\n<blockquote class=\"wp-block-quote\"><p>Les journaux d&rsquo;\u00e9v\u00e8nements<\/p><\/blockquote>\n\n\n\n<ol><li>cmdExtractEventLog<\/li><li>SetEventLogProperty<\/li><\/ol>\n\n\n\n<blockquote class=\"wp-block-quote\"><p>Archivage<\/p><\/blockquote>\n\n\n\n<ol><li>CompressArchive<\/li><\/ol>\n\n\n\n<blockquote class=\"wp-block-quote\"><p>Le pare-feu<\/p><\/blockquote>\n\n\n\n<ol><li>CreateFirewallRule<\/li><li>DisableFirewallProfile<\/li><li>EnableFirewallProfile<\/li><li>RemoveFirewallRule<\/li><li>SetFirewallRule<\/li><li>SetFirewallRuleProperty<\/li><\/ol>\n\n\n\n<blockquote class=\"wp-block-quote\"><p>Gestion des utilisateurs et groupes locaux<\/p><\/blockquote>\n\n\n\n<ol><li>AddUserToLocalGroup<\/li><li>AddGroupToLocalGroup<\/li><li>CreateLocalGroup<\/li><li>DisableLocalUser<\/li><li>EnableLocalUser<\/li><li>RemoveLocalGroup<\/li><li>RemoveLocalGroupMember<\/li><li>RemoveLocalUser<\/li><li>RemoveUserFromLocalGroup<\/li><\/ol>\n\n\n\n<blockquote class=\"wp-block-quote\"><p>Partage de dossiers<\/p><\/blockquote>\n\n\n\n<ol><li>AddShareAccess<\/li><li>BlockShareAccess<\/li><li>CreateShare<\/li><li>RemoveShare<\/li><li>RemoveShareAccess<\/li><li>SetAdministrativeShare<\/li><li>SetShareProperty<\/li><li>UnblockShareAccess<\/li><\/ol>\n\n\n\n<blockquote class=\"wp-block-quote\"><p>Les variables d&rsquo;environnement<\/p><\/blockquote>\n\n\n\n<ol><li>AddStringToEnvironmentVaribleValue<\/li><li>CheckEnvironmentVariableValue<\/li><li>RemoveEnvironmentVarible<\/li><li>SetEnvironmentVarible<\/li><\/ol>\n\n\n\n<blockquote class=\"wp-block-quote\"><p>Les mises \u00e0 jour<\/p><\/blockquote>\n\n\n\n<ol><li>CheckHotfixInstalled<\/li><li>cmdExtractHotfix<\/li><li>InstallHotfix<\/li><li>UninstallHotfix<\/li><\/ol>\n\n\n\n<blockquote class=\"wp-block-quote\"><p>Les cartes r\u00e9seaux<\/p><\/blockquote>\n\n\n\n<ol><li>AddRoute<\/li><li>CheckPingConnection<\/li><li>CheckRouteExists<\/li><li>CheckTelnetConnection<\/li><li>DisableNetworkAdapter<\/li><li>EnableNetworkAdapter<\/li><li>RemoveRoute<\/li><li>RenameNetworkAdapter<\/li><li>SetDefaultGateway<\/li><li>SetDNSConnectionSuffix<\/li><li>SetDNSServerAddress<\/li><li>SetDNSSuffixSearchList<\/li><li>SetNewIPAddress<\/li><\/ol>\n\n\n\n<blockquote class=\"wp-block-quote\"><p>Association de cartes r\u00e9seaux<\/p><\/blockquote>\n\n\n\n<ol><li>AddTeamMember<\/li><li>AddTeamVlan<\/li><li>CreateTeam<\/li><li>RemoveTeam<\/li><li>RemoveTeamMember<\/li><li>RemoveTeamVlan<\/li><\/ol>\n\n\n\n<blockquote class=\"wp-block-quote\"><p>La gestion des disques<\/p><\/blockquote>\n\n\n\n<ol><li>cmdInitializeDisk<\/li><li>cmdOptimizeVolume<\/li><li>cmdRepairVolume<\/li><li>CreateDiskPartition<\/li><li>FormatVolume<\/li><li>RemoveDiskPartition<\/li><li>ResizeDiskPartition<\/li><li>SetDiskOnLine<\/li><\/ol>\n\n\n\n<blockquote class=\"wp-block-quote\"><p>Les logiciels<\/p><\/blockquote>\n\n\n\n<ol><li>CheckProductExists<\/li><li>cmdExtractPrograms<\/li><li>InstallProduct<\/li><li>UnInstallProduct<\/li><\/ol>\n\n\n\n<blockquote class=\"wp-block-quote\"><p>Ex\u00e9cution de commandes<\/p><\/blockquote>\n\n\n\n<ol><li>cmdExecuteCommand<\/li><li>cmdInvokePSCommand<\/li><\/ol>\n\n\n\n<blockquote class=\"wp-block-quote\"><p>Gestion des Dll<\/p><\/blockquote>\n\n\n\n<ol><li>RegisterDll<\/li><li>UnRegisterDll<\/li><\/ol>\n\n\n\n<blockquote class=\"wp-block-quote\"><p>Gestion des fichiers de log<\/p><\/blockquote>\n\n\n\n<ol><li>RollLogs<\/li><\/ol>\n\n\n\n<blockquote class=\"wp-block-quote\"><p>L&rsquo;Active Directory<\/p><\/blockquote>\n\n\n\n<ol><li>AddADGroupToADGroup<\/li><li>AddADUserToADGroup<\/li><li>AddComputerToADGroup<\/li><li>CreateADGroup<\/li><li>CreateADUser<\/li><li>CreateComputer<\/li><li>DisableDomainUser<\/li><li>EnableDomainUser<\/li><li>MoveADGroupToOU<\/li><li>MoveADUserToOU<\/li><li>MoveComputerToOU<\/li><li>RemoveADGroupFromADGroup<\/li><li>RemoveADUserFromADGroup<\/li><li>RemoveComputerFromADGroup<\/li><li>RemoveDomainUser<\/li><li>SetADGroupProperty<\/li><li>SetADUserOption<\/li><li>SetADUserProperty<\/li><\/ol>\n","protected":false},"excerpt":{"rendered":"<p>Types de sections Section de v\u00e9rification commence par le terme \u00ab\u00a0Check\u00a0\u00bb, retourne Vrai si l&rsquo;\u00e9l\u00e9ment \u00e0 v\u00e9rifier est dans la cible, Faux sinon Section de&hellip;<\/p>\n","protected":false},"author":1,"featured_media":0,"parent":232,"menu_order":0,"comment_status":"closed","ping_status":"closed","template":"","meta":{"_monsterinsights_skip_tracking":false,"_monsterinsights_sitenote_active":false,"_monsterinsights_sitenote_note":"","_monsterinsights_sitenote_category":0,"footnotes":""},"_links":{"self":[{"href":"https:\/\/scriptbuilder.fr\/index.php\/wp-json\/wp\/v2\/pages\/587"}],"collection":[{"href":"https:\/\/scriptbuilder.fr\/index.php\/wp-json\/wp\/v2\/pages"}],"about":[{"href":"https:\/\/scriptbuilder.fr\/index.php\/wp-json\/wp\/v2\/types\/page"}],"author":[{"embeddable":true,"href":"https:\/\/scriptbuilder.fr\/index.php\/wp-json\/wp\/v2\/users\/1"}],"replies":[{"embeddable":true,"href":"https:\/\/scriptbuilder.fr\/index.php\/wp-json\/wp\/v2\/comments?post=587"}],"version-history":[{"count":72,"href":"https:\/\/scriptbuilder.fr\/index.php\/wp-json\/wp\/v2\/pages\/587\/revisions"}],"predecessor-version":[{"id":1243,"href":"https:\/\/scriptbuilder.fr\/index.php\/wp-json\/wp\/v2\/pages\/587\/revisions\/1243"}],"up":[{"embeddable":true,"href":"https:\/\/scriptbuilder.fr\/index.php\/wp-json\/wp\/v2\/pages\/232"}],"wp:attachment":[{"href":"https:\/\/scriptbuilder.fr\/index.php\/wp-json\/wp\/v2\/media?parent=587"}],"curies":[{"name":"wp","href":"https:\/\/api.w.org\/{rel}","templated":true}]}}