{"id":594,"date":"2020-04-04T18:54:25","date_gmt":"2020-04-04T16:54:25","guid":{"rendered":"http:\/\/scriptbuilder.fr\/?page_id=594"},"modified":"2020-04-15T11:07:25","modified_gmt":"2020-04-15T09:07:25","slug":"telecharger-des-scripts","status":"publish","type":"page","link":"https:\/\/scriptbuilder.fr\/index.php\/commande\/telecharger-des-scripts\/","title":{"rendered":"T\u00e9l\u00e9charger des scripts"},"content":{"rendered":"\n<blockquote class=\"wp-block-quote\"><p>T\u00e9l\u00e9charger des scripts additionnels<\/p><\/blockquote>\n\n\n\n<ol><li>T\u00e9l\u00e9charger et d\u00e9compresser le fichier t\u00e9l\u00e9charger<\/li><li>Copier les fichiers du script dans \u00ab\u00a0..\\Orchestrat<em>or\\16-ScriptBuilder\\<\/em>\u00ab\u00a0<\/li><li>Charger puis construire le script<\/li><li>Ajouter des \u00e9tapes et modifier les param\u00e8tres en entr\u00e9e pour construire le script souhait\u00e9<\/li><li>Ex\u00e9cuter ou distribuer le script<\/li><\/ol>\n\n\n\n<blockquote class=\"wp-block-quote\"><p>System<\/p><\/blockquote>\n\n\n\n\n\t\t<div class=\"edd_downloads_list edd_download_columns_1\">\n\n\t\t\t\n\t\t\t\t\t\t\t\n\n<div class=\"edd_download\" id=\"edd_download_893\">\n\n\t<div class=\"edd_download_inner\">\n\n\t\t<h3 class=\"edd_download_title\">\n\t<a itemprop=\"url\" href=\"https:\/\/scriptbuilder.fr\/index.php\/downloads\/createfolder-2\/\">CreateFolder<\/a>\n<\/h3>\n\t<div class=\"edd_download_excerpt\">\n\t\t<p>CreateFolder<\/p>\n\t<\/div>\n\n\t<\/div>\n\n<\/div>\n\t\t\t\t\t\t\t\n\n<div class=\"edd_download\" id=\"edd_download_666\">\n\n\t<div class=\"edd_download_inner\">\n\n\t\t<h3 class=\"edd_download_title\">\n\t<a itemprop=\"url\" href=\"https:\/\/scriptbuilder.fr\/index.php\/downloads\/disableuac\/\">DisableUAC<\/a>\n<\/h3>\n\t<div class=\"edd_download_excerpt\">\n\t\t<p>D\u00e9sactive l'UAC (User Account Control)<\/p>\n\t<\/div>\n\n\t<\/div>\n\n<\/div>\n\t\t\t\t\t\t\t\n\n<div class=\"edd_download\" id=\"edd_download_781\">\n\n\t<div class=\"edd_download_inner\">\n\n\t\t<h3 class=\"edd_download_title\">\n\t<a itemprop=\"url\" href=\"https:\/\/scriptbuilder.fr\/index.php\/downloads\/enableuac\/\">EnableUAC<\/a>\n<\/h3>\n\t<div class=\"edd_download_excerpt\">\n\t\t<p>Active l'UAC (User Account Control)<\/p>\n\t<\/div>\n\n\t<\/div>\n\n<\/div>\n\t\t\t\t\t\t\t\n\n<div class=\"edd_download\" id=\"edd_download_903\">\n\n\t<div class=\"edd_download_inner\">\n\n\t\t<h3 class=\"edd_download_title\">\n\t<a itemprop=\"url\" href=\"https:\/\/scriptbuilder.fr\/index.php\/downloads\/installwindowsserverfeatureorrole\/\">InstallWindowsServerFeatureOrRole<\/a>\n<\/h3>\n\t<div class=\"edd_download_excerpt\">\n\t\t<p>Installe un r\u00f4le ou une fonctionnalit\u00e9 Windows Server. Valable pour Windows Server 2012 et versions plus r\u00e9centes<\/p>\n\t<\/div>\n\n\t<\/div>\n\n<\/div>\n\t\t\t\t\t\t\t\n\n<div class=\"edd_download\" id=\"edd_download_897\">\n\n\t<div class=\"edd_download_inner\">\n\n\t\t<h3 class=\"edd_download_title\">\n\t<a itemprop=\"url\" href=\"https:\/\/scriptbuilder.fr\/index.php\/downloads\/setvariableenv\/\">SetVariableEnv<\/a>\n<\/h3>\n\t<div class=\"edd_download_excerpt\">\n\t\t<p>Ajoute une variable d'environnement. V\u00e9rifie la pr\u00e9sence et la valeur d'une variable d'environnement. Supprime une variable d'environnement<\/p>\n\t<\/div>\n\n\t<\/div>\n\n<\/div>\n\t\t\t\n\t\t\t\n\t\t\t\n\t\t<\/div>\n\n\t\t\n\n\n\n<blockquote class=\"wp-block-quote\"><p>Active Directory<\/p><\/blockquote>\n\n\n\n\n\t\t<div class=\"edd_downloads_list edd_download_columns_1\">\n\n\t\t\t\n\t\t\t\t\t\t\t\n\n<div class=\"edd_download\" id=\"edd_download_860\">\n\n\t<div class=\"edd_download_inner\">\n\n\t\t<h3 class=\"edd_download_title\">\n\t<a itemprop=\"url\" href=\"https:\/\/scriptbuilder.fr\/index.php\/downloads\/createadgroupandaddtoadgroupandmovetoou\/\">CreateADGroupAddToADGroupAndMoveToOU<\/a>\n<\/h3>\n\t<div class=\"edd_download_excerpt\">\n\t\t<p>Cr\u00e9e un groupe Global de S\u00e9curit\u00e9 dans le domaine sp\u00e9cifi\u00e9. Ajoute un groupe Local du domaine d\u00e9j\u00e0 existant au groupe Global cr\u00e9e. D\u00e9place le groupe\u2026<\/p>\n\t<\/div>\n\n\t<\/div>\n\n<\/div>\n\t\t\t\t\t\t\t\n\n<div class=\"edd_download\" id=\"edd_download_871\">\n\n\t<div class=\"edd_download_inner\">\n\n\t\t<h3 class=\"edd_download_title\">\n\t<a itemprop=\"url\" href=\"https:\/\/scriptbuilder.fr\/index.php\/downloads\/createcomputerandaddtoadgroup\/\">CreateComputerAndAddToADGroup<\/a>\n<\/h3>\n\t<div class=\"edd_download_excerpt\">\n\t\t<p>Cr\u00e9e un compte d'ordinateur dans le domaine. Ajoute le compte cr\u00e9e \u00e0 un groupe du domaine D\u00e9place le compte d'ordinateur dans une OU sp\u00e9cifique<\/p>\n\t<\/div>\n\n\t<\/div>\n\n<\/div>\n\t\t\t\t\t\t\t\n\n<div class=\"edd_download\" id=\"edd_download_867\">\n\n\t<div class=\"edd_download_inner\">\n\n\t\t<h3 class=\"edd_download_title\">\n\t<a itemprop=\"url\" href=\"https:\/\/scriptbuilder.fr\/index.php\/downloads\/createnewaduserandaddtolocaladmingroup-2\/\">CreateNewADUserAndAddToLocalAdminGroup<\/a>\n<\/h3>\n\t<div class=\"edd_download_excerpt\">\n\t\t<p>Cr\u00e9e un utilisateur dans le domaine. Active l'utilisateur cr\u00e9e. Attribue une valeur \u00e0 la propri\u00e9t\u00e9 \"Title\" de l'utilisateur. Attribue une valeur \u00e0 la propri\u00e9t\u00e9 \"Department\"\u2026<\/p>\n\t<\/div>\n\n\t<\/div>\n\n<\/div>\n\t\t\t\n\t\t\t\n\t\t\t\n\t\t<\/div>\n\n\t\t\n\n\n\n<blockquote class=\"wp-block-quote\"><p>Networking<\/p><\/blockquote>\n\n\n\n\n\t\t<div class=\"edd_downloads_list edd_download_columns_1\">\n\n\t\t\t\n\t\t\t\t\t\t\t\n\n<div class=\"edd_download\" id=\"edd_download_884\">\n\n\t<div class=\"edd_download_inner\">\n\n\t\t<h3 class=\"edd_download_title\">\n\t<a itemprop=\"url\" href=\"https:\/\/scriptbuilder.fr\/index.php\/downloads\/addrouteandcheckconnectivity\/\">AddRouteAndCheckConnectivity<\/a>\n<\/h3>\n\t<div class=\"edd_download_excerpt\">\n\t\t<p>Ajoute une \"Route\" au table de routage de Windows. V\u00e9rifie la connexion avec un \"Ping\" vers une machine cible. V\u00e9rifier l'ouverture d'un \"Port\" vers une\u2026<\/p>\n\t<\/div>\n\n\t<\/div>\n\n<\/div>\n\t\t\t\t\t\t\t\n\n<div class=\"edd_download\" id=\"edd_download_963\">\n\n\t<div class=\"edd_download_inner\">\n\n\t\t<h3 class=\"edd_download_title\">\n\t<a itemprop=\"url\" href=\"https:\/\/scriptbuilder.fr\/index.php\/downloads\/configurenetworkadapter\/\">ConfigureNetworkAdapter<\/a>\n<\/h3>\n\t<div class=\"edd_download_excerpt\">\n\t\t<p>Renommer une interface r\u00e9seau. Activer l'interface r\u00e9seau. Attribuer une adresse IP et un mask de sous r\u00e9seau. Ajouter une passerelle par defaut. Attribuer les serveurs\u2026<\/p>\n\t<\/div>\n\n\t<\/div>\n\n<\/div>\n\t\t\t\t\t\t\t\n\n<div class=\"edd_download\" id=\"edd_download_887\">\n\n\t<div class=\"edd_download_inner\">\n\n\t\t<h3 class=\"edd_download_title\">\n\t<a itemprop=\"url\" href=\"https:\/\/scriptbuilder.fr\/index.php\/downloads\/setdefaultgatewey\/\">SetDefaultGatewey<\/a>\n<\/h3>\n\t<div class=\"edd_download_excerpt\">\n\t\t<p>D\u00e9finir la passerelle par d\u00e9faut sur une interface r\u00e9seau<\/p>\n\t<\/div>\n\n\t<\/div>\n\n<\/div>\n\t\t\t\t\t\t\t\n\n<div class=\"edd_download\" id=\"edd_download_890\">\n\n\t<div class=\"edd_download_inner\">\n\n\t\t<h3 class=\"edd_download_title\">\n\t<a itemprop=\"url\" href=\"https:\/\/scriptbuilder.fr\/index.php\/downloads\/setfirewallrule\/\">SetFirewallRule<\/a>\n<\/h3>\n\t<div class=\"edd_download_excerpt\">\n\t\t<p>Configurer une r\u00e8gle de pare-feu Windows<\/p>\n\t<\/div>\n\n\t<\/div>\n\n<\/div>\n\t\t\t\n\t\t\t\n\t\t\t\n\t\t<\/div>\n\n\t\t\n\n\n\n<p>Distribution<\/p>\n\n\n\n\n\t\t<div class=\"edd_downloads_list edd_download_columns_1\">\n\n\t\t\t\n\t\t\t\t\t\t\t\n\n<div class=\"edd_download\" id=\"edd_download_876\">\n\n\t<div class=\"edd_download_inner\">\n\n\t\t<h3 class=\"edd_download_title\">\n\t<a itemprop=\"url\" href=\"https:\/\/scriptbuilder.fr\/index.php\/downloads\/installhotfix\/\">InstallHotfix<\/a>\n<\/h3>\n\t<div class=\"edd_download_excerpt\">\n\t\t<p>InstallHotfix<\/p>\n\t<\/div>\n\n\t<\/div>\n\n<\/div>\n\t\t\t\n\t\t\t\n\t\t\t\n\t\t<\/div>\n\n\t\t\n\n\n\n<blockquote class=\"wp-block-quote\"><p>Windows Update<\/p><\/blockquote>\n\n\n\n\n\t\t<div class=\"edd_downloads_list edd_download_columns_1\">\n\n\t\t\t\n\t\t\t\t\t\t\t\n\n<div class=\"edd_download\" id=\"edd_download_582\">\n\n\t<div class=\"edd_download_inner\">\n\n\t\t<h3 class=\"edd_download_title\">\n\t<a itemprop=\"url\" href=\"https:\/\/scriptbuilder.fr\/index.php\/downloads\/reparewindowsupdate\/\">RepareWindowsUpdate<\/a>\n<\/h3>\n\t<div class=\"edd_download_excerpt\">\n\t\t<p>Corrige certaines erreurs de Windows Update. Ce script vide le cache de Windows Update. Un red\u00e9marrage imm\u00e9diat de la machine est n\u00e9cessaire<\/p>\n\t<\/div>\n\n\t<\/div>\n\n<\/div>\n\t\t\t\n\t\t\t\n\t\t\t\n\t\t<\/div>\n\n\t\t\n\n\n\n<blockquote class=\"wp-block-quote\"><p>WMIFixer Script<\/p><\/blockquote>\n\n\n\n\n\t\t<div class=\"edd_downloads_list edd_download_columns_1\">\n\n\t\t\t\n\t\t\t\t\t\t\t\n\n<div class=\"edd_download\" id=\"edd_download_909\">\n\n\t<div class=\"edd_download_inner\">\n\n\t\t<h3 class=\"edd_download_title\">\n\t<a itemprop=\"url\" href=\"https:\/\/scriptbuilder.fr\/index.php\/downloads\/wmifixerstep1\/\">WMIFixerScript<\/a>\n<\/h3>\n\t<div class=\"edd_download_excerpt\">\n\t\t<p>WMIFixerScript permet de corriger certaines erreurs li\u00e9es \u00e0 la couche WMI. Ce script est construit de 5 \u00e9tapes, il faudra les lancer dans l'ordre :\u2026<\/p>\n\t<\/div>\n\n\t<\/div>\n\n<\/div>\n\t\t\t\n\t\t\t\n\t\t\t\n\t\t<\/div>\n\n\t\t\n\n\n\n<blockquote class=\"wp-block-quote\"><p>Windows 10<\/p><\/blockquote>\n\n\n\n\n\t\t<div class=\"edd_downloads_list edd_download_columns_2\">\n\n\t\t\t\n\t\t\t\t\t\t\t\n\n<div class=\"edd_download\" id=\"edd_download_784\">\n\n\t<div class=\"edd_download_inner\">\n\n\t\t<h3 class=\"edd_download_title\">\n\t<a itemprop=\"url\" href=\"https:\/\/scriptbuilder.fr\/index.php\/downloads\/disableerrorreporting\/\">DisableErrorReporting<\/a>\n<\/h3>\n\t<div class=\"edd_download_excerpt\">\n\t\t<p>DisableErrorReporting<\/p>\n\t<\/div>\n\n\t<\/div>\n\n<\/div>\n\t\t\t\t\t\t\t\n\n<div class=\"edd_download\" id=\"edd_download_787\">\n\n\t<div class=\"edd_download_inner\">\n\n\t\t<h3 class=\"edd_download_title\">\n\t<a itemprop=\"url\" href=\"https:\/\/scriptbuilder.fr\/index.php\/downloads\/disablelinkedconnections\/\">DisableLinkedConnections<\/a>\n<\/h3>\n\t<div class=\"edd_download_excerpt\">\n\t\t<p>DisableLinkedConnections<\/p>\n\t<\/div>\n\n\t<\/div>\n\n<\/div>\n\t\t\t\t\t\t\t\n\n<div class=\"edd_download\" id=\"edd_download_792\">\n\n\t<div class=\"edd_download_inner\">\n\n\t\t<h3 class=\"edd_download_title\">\n\t<a itemprop=\"url\" href=\"https:\/\/scriptbuilder.fr\/index.php\/downloads\/disableremoteassistance\/\">DisableRemoteAssistance<\/a>\n<\/h3>\n\t<div class=\"edd_download_excerpt\">\n\t\t<p>DisableRemoteAssistance<\/p>\n\t<\/div>\n\n\t<\/div>\n\n<\/div>\n\t\t\t\t\t\t\t\n\n<div class=\"edd_download\" id=\"edd_download_795\">\n\n\t<div class=\"edd_download_inner\">\n\n\t\t<h3 class=\"edd_download_title\">\n\t<a itemprop=\"url\" href=\"https:\/\/scriptbuilder.fr\/index.php\/downloads\/disableshowsuggestions\/\">DisableShowSuggestions<\/a>\n<\/h3>\n\t<div class=\"edd_download_excerpt\">\n\t\t<p>DisableShowSuggestions<\/p>\n\t<\/div>\n\n\t<\/div>\n\n<\/div>\n\t\t\t\t\t\t\t\n\n<div class=\"edd_download\" id=\"edd_download_798\">\n\n\t<div class=\"edd_download_inner\">\n\n\t\t<h3 class=\"edd_download_title\">\n\t<a itemprop=\"url\" href=\"https:\/\/scriptbuilder.fr\/index.php\/downloads\/disablesmartscreen\/\">DisableSmartScreen<\/a>\n<\/h3>\n\t<div class=\"edd_download_excerpt\">\n\t\t<p>DisableSmartScreen<\/p>\n\t<\/div>\n\n\t<\/div>\n\n<\/div>\n\t\t\t\t\t\t\t\n\n<div class=\"edd_download\" id=\"edd_download_804\">\n\n\t<div class=\"edd_download_inner\">\n\n\t\t<h3 class=\"edd_download_title\">\n\t<a itemprop=\"url\" href=\"https:\/\/scriptbuilder.fr\/index.php\/downloads\/disablewebsearch\/\">DisableWebSearch<\/a>\n<\/h3>\n\t<div class=\"edd_download_excerpt\">\n\t\t<p>DisableWebSearch<\/p>\n\t<\/div>\n\n\t<\/div>\n\n<\/div>\n\t\t\t\t\t\t\t\n\n<div class=\"edd_download\" id=\"edd_download_807\">\n\n\t<div class=\"edd_download_inner\">\n\n\t\t<h3 class=\"edd_download_title\">\n\t<a itemprop=\"url\" href=\"https:\/\/scriptbuilder.fr\/index.php\/downloads\/disablewifisense\/\">DisableWifiSense<\/a>\n<\/h3>\n\t<div class=\"edd_download_excerpt\">\n\t\t<p>DisableWifiSense<\/p>\n\t<\/div>\n\n\t<\/div>\n\n<\/div>\n\t\t\t\t\t\t\t\n\n<div class=\"edd_download\" id=\"edd_download_810\">\n\n\t<div class=\"edd_download_inner\">\n\n\t\t<h3 class=\"edd_download_title\">\n\t<a itemprop=\"url\" href=\"https:\/\/scriptbuilder.fr\/index.php\/downloads\/disablewindowsdefender\/\">DisableWindowsDefender<\/a>\n<\/h3>\n\t<div class=\"edd_download_excerpt\">\n\t\t<p>DisableWindowsDefender<\/p>\n\t<\/div>\n\n\t<\/div>\n\n<\/div>\n\t\t\t\t\t\t\t\n\n<div class=\"edd_download\" id=\"edd_download_813\">\n\n\t<div class=\"edd_download_inner\">\n\n\t\t<h3 class=\"edd_download_title\">\n\t<a itemprop=\"url\" href=\"https:\/\/scriptbuilder.fr\/index.php\/downloads\/enablecortana\/\">EnableCortana<\/a>\n<\/h3>\n\t<div class=\"edd_download_excerpt\">\n\t\t<p>EnableCortana<\/p>\n\t<\/div>\n\n\t<\/div>\n\n<\/div>\n\t\t\t\t\t\t\t\n\n<div class=\"edd_download\" id=\"edd_download_817\">\n\n\t<div class=\"edd_download_inner\">\n\n\t\t<h3 class=\"edd_download_title\">\n\t<a itemprop=\"url\" href=\"https:\/\/scriptbuilder.fr\/index.php\/downloads\/enableerrorreporting\/\">EnableErrorReporting<\/a>\n<\/h3>\n\t<div class=\"edd_download_excerpt\">\n\t\t<p>EnableErrorReporting<\/p>\n\t<\/div>\n\n\t<\/div>\n\n<\/div>\n\t\t\t\t\t\t\t\n\n<div class=\"edd_download\" id=\"edd_download_820\">\n\n\t<div class=\"edd_download_inner\">\n\n\t\t<h3 class=\"edd_download_title\">\n\t<a itemprop=\"url\" href=\"https:\/\/scriptbuilder.fr\/index.php\/downloads\/enablelinkedconnections\/\">EnableLinkedConnections<\/a>\n<\/h3>\n\t<div class=\"edd_download_excerpt\">\n\t\t<p>EnableLinkedConnections<\/p>\n\t<\/div>\n\n\t<\/div>\n\n<\/div>\n\t\t\t\t\t\t\t\n\n<div class=\"edd_download\" id=\"edd_download_823\">\n\n\t<div class=\"edd_download_inner\">\n\n\t\t<h3 class=\"edd_download_title\">\n\t<a itemprop=\"url\" href=\"https:\/\/scriptbuilder.fr\/index.php\/downloads\/enableremoteassistance\/\">EnableRemoteAssistance<\/a>\n<\/h3>\n\t<div class=\"edd_download_excerpt\">\n\t\t<p>EnableRemoteAssistance<\/p>\n\t<\/div>\n\n\t<\/div>\n\n<\/div>\n\t\t\t\t\t\t\t\n\n<div class=\"edd_download\" id=\"edd_download_826\">\n\n\t<div class=\"edd_download_inner\">\n\n\t\t<h3 class=\"edd_download_title\">\n\t<a itemprop=\"url\" href=\"https:\/\/scriptbuilder.fr\/index.php\/downloads\/enableshowsuggestions\/\">EnableShowSuggestions<\/a>\n<\/h3>\n\t<div class=\"edd_download_excerpt\">\n\t\t<p>EnableShowSuggestions<\/p>\n\t<\/div>\n\n\t<\/div>\n\n<\/div>\n\t\t\t\t\t\t\t\n\n<div class=\"edd_download\" id=\"edd_download_829\">\n\n\t<div class=\"edd_download_inner\">\n\n\t\t<h3 class=\"edd_download_title\">\n\t<a itemprop=\"url\" href=\"https:\/\/scriptbuilder.fr\/index.php\/downloads\/enablesmartscreen\/\">EnableSmartScreen<\/a>\n<\/h3>\n\t<div class=\"edd_download_excerpt\">\n\t\t<p>EnableSmartScreen<\/p>\n\t<\/div>\n\n\t<\/div>\n\n<\/div>\n\t\t\t\t\t\t\t\n\n<div class=\"edd_download\" id=\"edd_download_832\">\n\n\t<div class=\"edd_download_inner\">\n\n\t\t<h3 class=\"edd_download_title\">\n\t<a itemprop=\"url\" href=\"https:\/\/scriptbuilder.fr\/index.php\/downloads\/enabletelemetry\/\">EnableTelemetry<\/a>\n<\/h3>\n\t<div class=\"edd_download_excerpt\">\n\t\t<p>EnableTelemetry<\/p>\n\t<\/div>\n\n\t<\/div>\n\n<\/div>\n\t\t\t\t\t\t\t\n\n<div class=\"edd_download\" id=\"edd_download_835\">\n\n\t<div class=\"edd_download_inner\">\n\n\t\t<h3 class=\"edd_download_title\">\n\t<a itemprop=\"url\" href=\"https:\/\/scriptbuilder.fr\/index.php\/downloads\/enableuserexperiencesandtelemetry\/\">EnableUserExperiencesAndTelemetry<\/a>\n<\/h3>\n\t<div class=\"edd_download_excerpt\">\n\t\t<p>EnableUserExperiencesAndTelemetry<\/p>\n\t<\/div>\n\n\t<\/div>\n\n<\/div>\n\t\t\t\t\t\t\t\n\n<div class=\"edd_download\" id=\"edd_download_838\">\n\n\t<div class=\"edd_download_inner\">\n\n\t\t<h3 class=\"edd_download_title\">\n\t<a itemprop=\"url\" href=\"https:\/\/scriptbuilder.fr\/index.php\/downloads\/enablewebsearch\/\">EnableWebSearch<\/a>\n<\/h3>\n\t<div class=\"edd_download_excerpt\">\n\t\t<p>EnableWebSearch<\/p>\n\t<\/div>\n\n\t<\/div>\n\n<\/div>\n\t\t\t\t\t\t\t\n\n<div class=\"edd_download\" id=\"edd_download_841\">\n\n\t<div class=\"edd_download_inner\">\n\n\t\t<h3 class=\"edd_download_title\">\n\t<a itemprop=\"url\" href=\"https:\/\/scriptbuilder.fr\/index.php\/downloads\/enablewifisense\/\">EnableWifiSense<\/a>\n<\/h3>\n\t<div class=\"edd_download_excerpt\">\n\t\t<p>EnableWifiSense<\/p>\n\t<\/div>\n\n\t<\/div>\n\n<\/div>\n\t\t\t\t\t\t\t\n\n<div class=\"edd_download\" id=\"edd_download_844\">\n\n\t<div class=\"edd_download_inner\">\n\n\t\t<h3 class=\"edd_download_title\">\n\t<a itemprop=\"url\" href=\"https:\/\/scriptbuilder.fr\/index.php\/downloads\/enablewindowsdefender\/\">EnableWindowsDefender<\/a>\n<\/h3>\n\t<div class=\"edd_download_excerpt\">\n\t\t<p>EnableWindowsDefender<\/p>\n\t<\/div>\n\n\t<\/div>\n\n<\/div>\n\t\t\t\n\t\t\t\n\t\t\t\n\t\t<\/div>\n\n\t\t\n","protected":false},"excerpt":{"rendered":"<p>T\u00e9l\u00e9charger des scripts additionnels T\u00e9l\u00e9charger et d\u00e9compresser le fichier t\u00e9l\u00e9charger Copier les fichiers du script dans \u00ab\u00a0..\\Orchestrator\\16-ScriptBuilder\\\u00ab\u00a0 Charger puis construire le script Ajouter des \u00e9tapes&hellip;<\/p>\n","protected":false},"author":1,"featured_media":0,"parent":232,"menu_order":1,"comment_status":"closed","ping_status":"closed","template":"","meta":{"_monsterinsights_skip_tracking":false,"_monsterinsights_sitenote_active":false,"_monsterinsights_sitenote_note":"","_monsterinsights_sitenote_category":0,"footnotes":""},"_links":{"self":[{"href":"https:\/\/scriptbuilder.fr\/index.php\/wp-json\/wp\/v2\/pages\/594"}],"collection":[{"href":"https:\/\/scriptbuilder.fr\/index.php\/wp-json\/wp\/v2\/pages"}],"about":[{"href":"https:\/\/scriptbuilder.fr\/index.php\/wp-json\/wp\/v2\/types\/page"}],"author":[{"embeddable":true,"href":"https:\/\/scriptbuilder.fr\/index.php\/wp-json\/wp\/v2\/users\/1"}],"replies":[{"embeddable":true,"href":"https:\/\/scriptbuilder.fr\/index.php\/wp-json\/wp\/v2\/comments?post=594"}],"version-history":[{"count":31,"href":"https:\/\/scriptbuilder.fr\/index.php\/wp-json\/wp\/v2\/pages\/594\/revisions"}],"predecessor-version":[{"id":978,"href":"https:\/\/scriptbuilder.fr\/index.php\/wp-json\/wp\/v2\/pages\/594\/revisions\/978"}],"up":[{"embeddable":true,"href":"https:\/\/scriptbuilder.fr\/index.php\/wp-json\/wp\/v2\/pages\/232"}],"wp:attachment":[{"href":"https:\/\/scriptbuilder.fr\/index.php\/wp-json\/wp\/v2\/media?parent=594"}],"curies":[{"name":"wp","href":"https:\/\/api.w.org\/{rel}","templated":true}]}}